{"id":528,"date":"2022-07-06T14:33:51","date_gmt":"2022-07-06T12:33:51","guid":{"rendered":"https:\/\/www.arutoli.com\/?page_id=528"},"modified":"2022-07-06T14:33:51","modified_gmt":"2022-07-06T12:33:51","slug":"nostro-allevamento","status":"publish","type":"page","link":"https:\/\/www.arutoli.com\/it\/il-nostro-restaurante-larutoli\/nostro-allevamento\/","title":{"rendered":"Nostro allevamento"},"content":{"rendered":"<p style=\"text-align: center;\">\u00c9tienne C\u00e9sari, proprietario del campeggio \u00e8 anche allevatore di bovini. Spostandovi all&#8217;aria aperta, potrebbe vedere il gregge ai margini del campeggio se non \u00e8 agli alpeggi!<\/p>\n<p style=\"text-align: center;\">Al ristorante, deliziati con le nostre costolette di vitello alla griglia! <\/p>\n<p style=\"text-align: center;\">I piatti del giorno non sono da meno: frittura di vitello, salsicce di vitello, maialino allo spiedo, &#8230; E non passare accanto agli hamburger!<\/p>\n","protected":false},"excerpt":{"rendered":"<p>\u00c9tienne C\u00e9sari, proprietario del campeggio \u00e8 anche allevatore di bovini. Spostandovi all&#8217;aria aperta, potrebbe vedere il gregge ai margini del campeggio se non \u00e8 agli alpeggi! Al ristorante, deliziati con le nostre costolette di vitello alla griglia! I piatti del giorno non sono da meno: frittura di vitello, salsicce di vitello, maialino allo spiedo, &#8230; [&hellip;]<\/p>\n","protected":false},"author":453,"featured_media":0,"parent":526,"menu_order":20,"comment_status":"closed","ping_status":"closed","template":"template-single-restaurant.php","meta":{"footnotes":""},"class_list":["post-528","page","type-page","status-publish","hentry"],"yoast_head":"<!-- This site is optimized with the Yoast SEO plugin v26.9 - https:\/\/yoast.com\/product\/yoast-seo-wordpress\/ -->\n<title>Nostro allevamento - Camping Arutoli<\/title>\n<meta name=\"description\" content=\"\u00c9tienne C\u00e9sari, proprietario del campeggio \u00e8 anche allevatore di bovini. Spostandovi all&#039;aria aperta, potrebbe vedere il gregge ai margini del campeggio\" \/>\n<meta name=\"robots\" content=\"index, follow, max-snippet:-1, max-image-preview:large, max-video-preview:-1\" \/>\n<link rel=\"canonical\" href=\"https:\/\/www.arutoli.com\/it\/il-nostro-restaurante-larutoli\/nostro-allevamento\/\" \/>\n<meta property=\"og:locale\" content=\"it_IT\" \/>\n<meta property=\"og:type\" content=\"article\" \/>\n<meta property=\"og:title\" content=\"Nostro allevamento - Camping Arutoli\" \/>\n<meta property=\"og:description\" content=\"\u00c9tienne C\u00e9sari, proprietario del campeggio \u00e8 anche allevatore di bovini. Spostandovi all&#039;aria aperta, potrebbe vedere il gregge ai margini del campeggio\" \/>\n<meta property=\"og:url\" content=\"https:\/\/www.arutoli.com\/it\/il-nostro-restaurante-larutoli\/nostro-allevamento\/\" \/>\n<meta property=\"og:site_name\" content=\"Camping Arutoli\" \/>\n<meta name=\"twitter:card\" content=\"summary_large_image\" \/>\n<script type=\"application\/ld+json\" class=\"yoast-schema-graph\">{\"@context\":\"https:\/\/schema.org\",\"@graph\":[{\"@type\":\"WebPage\",\"@id\":\"https:\/\/www.arutoli.com\/it\/il-nostro-restaurante-larutoli\/nostro-allevamento\/\",\"url\":\"https:\/\/www.arutoli.com\/it\/il-nostro-restaurante-larutoli\/nostro-allevamento\/\",\"name\":\"Nostro allevamento - Camping Arutoli\",\"isPartOf\":{\"@id\":\"https:\/\/www.arutoli.com\/it\/#website\"},\"datePublished\":\"2022-07-06T12:33:51+00:00\",\"description\":\"\u00c9tienne C\u00e9sari, proprietario del campeggio \u00e8 anche allevatore di bovini. Spostandovi all'aria aperta, potrebbe vedere il gregge ai margini del campeggio\",\"breadcrumb\":{\"@id\":\"https:\/\/www.arutoli.com\/it\/il-nostro-restaurante-larutoli\/nostro-allevamento\/#breadcrumb\"},\"inLanguage\":\"it-IT\",\"potentialAction\":[{\"@type\":\"ReadAction\",\"target\":[\"https:\/\/www.arutoli.com\/it\/il-nostro-restaurante-larutoli\/nostro-allevamento\/\"]}]},{\"@type\":\"BreadcrumbList\",\"@id\":\"https:\/\/www.arutoli.com\/it\/il-nostro-restaurante-larutoli\/nostro-allevamento\/#breadcrumb\",\"itemListElement\":[{\"@type\":\"ListItem\",\"position\":1,\"name\":\"Accueil\",\"item\":\"https:\/\/www.arutoli.com\/it\/\"},{\"@type\":\"ListItem\",\"position\":2,\"name\":\"Il nostro ristorante \u00ab\u00a0L&rsquo;Arutoli\u00a0\u00bb\",\"item\":\"https:\/\/www.arutoli.com\/it\/il-nostro-restaurante-larutoli\/\"},{\"@type\":\"ListItem\",\"position\":3,\"name\":\"Nostro allevamento\"}]},{\"@type\":\"WebSite\",\"@id\":\"https:\/\/www.arutoli.com\/it\/#website\",\"url\":\"https:\/\/www.arutoli.com\/it\/\",\"name\":\"Camping Arutoli\",\"description\":\"Un site utilisant ms.decms.eu\",\"potentialAction\":[{\"@type\":\"SearchAction\",\"target\":{\"@type\":\"EntryPoint\",\"urlTemplate\":\"https:\/\/www.arutoli.com\/it\/?s={search_term_string}\"},\"query-input\":{\"@type\":\"PropertyValueSpecification\",\"valueRequired\":true,\"valueName\":\"search_term_string\"}}],\"inLanguage\":\"it-IT\"}]}<\/script>\n<!-- \/ Yoast SEO plugin. -->","yoast_head_json":{"title":"Nostro allevamento - Camping Arutoli","description":"\u00c9tienne C\u00e9sari, proprietario del campeggio \u00e8 anche allevatore di bovini. Spostandovi all'aria aperta, potrebbe vedere il gregge ai margini del campeggio","robots":{"index":"index","follow":"follow","max-snippet":"max-snippet:-1","max-image-preview":"max-image-preview:large","max-video-preview":"max-video-preview:-1"},"canonical":"https:\/\/www.arutoli.com\/it\/il-nostro-restaurante-larutoli\/nostro-allevamento\/","og_locale":"it_IT","og_type":"article","og_title":"Nostro allevamento - Camping Arutoli","og_description":"\u00c9tienne C\u00e9sari, proprietario del campeggio \u00e8 anche allevatore di bovini. Spostandovi all'aria aperta, potrebbe vedere il gregge ai margini del campeggio","og_url":"https:\/\/www.arutoli.com\/it\/il-nostro-restaurante-larutoli\/nostro-allevamento\/","og_site_name":"Camping Arutoli","twitter_card":"summary_large_image","schema":{"@context":"https:\/\/schema.org","@graph":[{"@type":"WebPage","@id":"https:\/\/www.arutoli.com\/it\/il-nostro-restaurante-larutoli\/nostro-allevamento\/","url":"https:\/\/www.arutoli.com\/it\/il-nostro-restaurante-larutoli\/nostro-allevamento\/","name":"Nostro allevamento - Camping Arutoli","isPartOf":{"@id":"https:\/\/www.arutoli.com\/it\/#website"},"datePublished":"2022-07-06T12:33:51+00:00","description":"\u00c9tienne C\u00e9sari, proprietario del campeggio \u00e8 anche allevatore di bovini. Spostandovi all'aria aperta, potrebbe vedere il gregge ai margini del campeggio","breadcrumb":{"@id":"https:\/\/www.arutoli.com\/it\/il-nostro-restaurante-larutoli\/nostro-allevamento\/#breadcrumb"},"inLanguage":"it-IT","potentialAction":[{"@type":"ReadAction","target":["https:\/\/www.arutoli.com\/it\/il-nostro-restaurante-larutoli\/nostro-allevamento\/"]}]},{"@type":"BreadcrumbList","@id":"https:\/\/www.arutoli.com\/it\/il-nostro-restaurante-larutoli\/nostro-allevamento\/#breadcrumb","itemListElement":[{"@type":"ListItem","position":1,"name":"Accueil","item":"https:\/\/www.arutoli.com\/it\/"},{"@type":"ListItem","position":2,"name":"Il nostro ristorante \u00ab\u00a0L&rsquo;Arutoli\u00a0\u00bb","item":"https:\/\/www.arutoli.com\/it\/il-nostro-restaurante-larutoli\/"},{"@type":"ListItem","position":3,"name":"Nostro allevamento"}]},{"@type":"WebSite","@id":"https:\/\/www.arutoli.com\/it\/#website","url":"https:\/\/www.arutoli.com\/it\/","name":"Camping Arutoli","description":"Un site utilisant ms.decms.eu","potentialAction":[{"@type":"SearchAction","target":{"@type":"EntryPoint","urlTemplate":"https:\/\/www.arutoli.com\/it\/?s={search_term_string}"},"query-input":{"@type":"PropertyValueSpecification","valueRequired":true,"valueName":"search_term_string"}}],"inLanguage":"it-IT"}]}},"acf":[],"_links":{"self":[{"href":"https:\/\/www.arutoli.com\/it\/wp-json\/wp\/v2\/pages\/528","targetHints":{"allow":["GET"]}}],"collection":[{"href":"https:\/\/www.arutoli.com\/it\/wp-json\/wp\/v2\/pages"}],"about":[{"href":"https:\/\/www.arutoli.com\/it\/wp-json\/wp\/v2\/types\/page"}],"author":[{"embeddable":true,"href":"https:\/\/www.arutoli.com\/it\/wp-json\/wp\/v2\/users\/453"}],"replies":[{"embeddable":true,"href":"https:\/\/www.arutoli.com\/it\/wp-json\/wp\/v2\/comments?post=528"}],"version-history":[{"count":0,"href":"https:\/\/www.arutoli.com\/it\/wp-json\/wp\/v2\/pages\/528\/revisions"}],"up":[{"embeddable":true,"href":"https:\/\/www.arutoli.com\/it\/wp-json\/wp\/v2\/pages\/526"}],"wp:attachment":[{"href":"https:\/\/www.arutoli.com\/it\/wp-json\/wp\/v2\/media?parent=528"}],"curies":[{"name":"wp","href":"https:\/\/api.w.org\/{rel}","templated":true}]}}